{"id":31681,"date":"2020-02-13T09:39:49","date_gmt":"2020-02-13T08:39:49","guid":{"rendered":"http:\/\/www.krika.hr\/?page_id=31681"},"modified":"2021-09-27T09:03:33","modified_gmt":"2021-09-27T08:03:33","slug":"webmarketing","status":"publish","type":"page","link":"https:\/\/www.krika.hr\/en\/webmarketing\/","title":{"rendered":"WEBMARKETING"},"content":{"rendered":"<p>[vc_row full_width=&#8221;stretch_row_content_no_spaces&#8221; equal_height=&#8221;yes&#8221; css=&#8221;.vc_custom_1557742607445{margin-bottom: 150px !important;padding-top: 100px !important;padding-bottom: 150px !important;background-image: url(http:\/\/www.krika.hr\/wp-content\/uploads\/2019\/04\/facade-1048085_1920.jpg?id=30442) !important;background-position: center !important;background-repeat: no-repeat !important;background-size: cover !important;}&#8221;][vc_column css=&#8221;.vc_custom_1556539889017{padding-top: 50px !important;background-position: center !important;background-repeat: no-repeat !important;background-size: cover !important;}&#8221;][vc_column_text css=&#8221;.vc_custom_1557742634172{padding-left: 50px !important;}&#8221;]<\/p>\n<div class=\"title-xlarge\" style=\"text-align: center;\"><span style=\"color: #ffffff;\">PROJECT DESCRIPTION<\/span><\/div>\n<p>[\/vc_column_text][\/vc_column][\/vc_row][vc_row full_width=&#8221;stretch_row_content_no_spaces&#8221; css=&#8221;.vc_custom_1456399684039{margin-bottom: 0px !important;}&#8221;][vc_column][vc_column_text]<\/p>\n<div class=\"title-h4\" style=\"text-align: center;\">\n<p>The project was co-financed by the European Union from the European Regional Development Fund<\/p>\n<\/div>\n<p>[\/vc_column_text]<div class=\"clearboth\"><\/div><div class=\"gem-divider\" style=\"margin-top: 20px;margin-bottom: 20px;\"><\/div>[\/vc_column][\/vc_row][vc_row][vc_column][vc_column_text]<em><strong>KORISNIK:<\/strong>\u00a0KRIKA, obrt za proizvodnju i usluge, vl. Robert Krikovi\u0107, Nedeli\u0161\u0107e<\/em>[\/vc_column_text][vc_column_text]<em><strong>NAZIV PROJEKTA:<\/strong>\u00a0: Krika web marketing<\/em>[\/vc_column_text][vc_column_text]<em><strong>KRATKI OPIS PROJEKTA:<\/strong>\u00a0Izrada novog aplikativnog rje\u0161enja i sadr\u017eaja poslovnih internetskih stranica prijavitelja temeljenih na suvremenim tehnologijama i open source CMS rje\u0161enjima kojima se omogu\u0107ava dinami\u010dki sadr\u017eaj, responzivni dizajn i primjena standarda pristupa\u010dnosti osobama s invaliditetom<\/em>[\/vc_column_text][vc_column_text]<em><strong>CILJEVI I O\u010cEKIVANI REZULTATI PROJEKTA:<\/strong>\u00a0: Ja\u010danje tr\u017ei\u0161ne pozicije i pove\u0107anje konkurentnosti obrta KRIKA kroz izradu nove poslovne web stranice. O\u010dekivani rezultat je pove\u0107anje vidljivosti na tr\u017ei\u0161tu izrade cerada te pro\u0161irenje tr\u017ei\u0161ta putem prezentacije poslovanja i proizvoda iz na\u0161e proizvodne game.<\/em>[\/vc_column_text][vc_column_text]<em><strong>Ukupna vrijednost projekta te dio sufinanciran iz EU:<\/strong>\u00a0\u00a0 ukupna vrijednost projekta je 20.700 kn (bez PDV) dok je sufinanciran dio od 75% u iznosu od 15.525 kn.<\/em>[\/vc_column_text][vc_column_text]<em><strong>RAZDOBLJE PROVEDBE PROJEKTA:<\/strong>\u00a002.2019. &#8211; 02.2020.<\/em>[\/vc_column_text][vc_column_text]<em><strong>KONTAKT OSOBA:\u00a0<\/strong>Robert Krikovi\u0107, tel. +385 40 822 190<\/em>[\/vc_column_text][vc_separator][vc_column_text]<em><strong>KORISNI LINKOVI:<\/strong><\/em>[\/vc_column_text][vc_column_text]<em><a href=\"http:\/\/www.strukturnifondovi.hr\/\">www.strukturnifondovi.hr<\/a><\/em>[\/vc_column_text][\/vc_column][\/vc_row][vc_row css=&#8221;.vc_custom_1456407788705{margin-bottom: 0px !important;}&#8221;][vc_column][vc_single_image image=&#8221;31679&#8243; img_size=&#8221;large&#8221; alignment=&#8221;center&#8221;][\/vc_column][\/vc_row][vc_row full_width=&#8221;stretch_row&#8221; equal_height=&#8221;yes&#8221; content_placement=&#8221;middle&#8221; css=&#8221;.vc_custom_1557228864884{margin-bottom: 0px !important;padding-top: 40px !important;padding-bottom: 60px !important;background-color: #eb5353 !important;}&#8221;][vc_column offset=&#8221;vc_col-lg-5 vc_col-md-12 vc_col-xs-12&#8243;][vc_column_text]<\/p>\n<div class=\"title-xlarge\" style=\"text-align: center;\"><span style=\"color: #ffffff; font-size: 70px; letter-spacing: 1px;\">CONTACT US<\/span><\/div>\n<p>[\/vc_column_text][\/vc_column][vc_column offset=&#8221;vc_col-lg-4 vc_col-md-12 vc_col-xs-12&#8243;][\/vc_column][vc_column offset=&#8221;vc_col-lg-3 vc_col-md-12 vc_col-xs-12&#8243;]<div class=\"clearboth\"><\/div><div class=\"gem-divider\" style=\"margin-top: 3px;\"><\/div>[vc_column_text]<\/p>\n<h5 style=\"text-align: center;\"><span class=\"light\" style=\"position: relative; width: 330px; color: #ffffff;\">WE ARE RESPONDING AS SOON AS POSSIBLE<\/span><\/h5>\n<p>[\/vc_column_text][\/vc_column][\/vc_row][vc_row full_width=&#8221;stretch_row_content&#8221; equal_height=&#8221;yes&#8221; css=&#8221;.vc_custom_1557476859710{margin-bottom: 0px !important;}&#8221; el_class=&#8221;contact-row&#8221;][vc_column css=&#8221;.vc_custom_1556279342280{margin-top: 0px !important;margin-bottom: 0px !important;background-image: url(http:\/\/www.krika.hr\/wp-content\/uploads\/2019\/04\/homekontaktslika.jpg?id=30469) !important;background-position: center !important;background-repeat: no-repeat !important;background-size: cover !important;}&#8221; offset=&#8221;vc_col-lg-6 vc_col-md-6 vc_col-xs-12&#8243;]<div class=\"clearboth\"><\/div><div class=\"gem-divider\" style=\"margin-top: 250px;\"><\/div>[vc_row_inner][vc_column_inner width=&#8221;1\/3&#8243; offset=&#8221;vc_col-lg-4 vc_col-md-6 vc_col-xs-12&#8243;]<div class=\"gem-icon-with-text gem-icon-with-text-icon-size-small gem-icon-with-text-flow\"><div style=\"margin-bottom:0px;margin-top:0px; \" class=\"gem-icon-with-text-icon\"><div class=\"gem-icon gem-icon-pack-elegant gem-icon-size-small  gem-icon-shape-square gem-simple-icon\" style=\"opacity: 1;\"><div class=\"gem-icon-inner\" style=\"\"><span class=\"gem-icon-half-1\" style=\"color: #eb5353;\"><span class=\"back-angle\">&#xe01d;<\/span><\/span><span class=\"gem-icon-half-2\" style=\"color: #eb5353;\"><span class=\"back-angle\">&#xe01d;<\/span><\/span><\/div><\/div><\/div><div class=\"gem-icon-with-text-content\" ><div class=\"gem-icon-with-text-text\">[vc_column_text]<span style=\"color: #ffffff;\">Location:<\/span>[\/vc_column_text][vc_column_text]<span style=\"color: #ffffff;\">Vara\u017edinska 25a <\/span><\/p>\n<p><span style=\"color: #ffffff;\">40305 Nedeli\u0161\u0107e<\/span><\/p>\n<p><span style=\"color: #ffffff;\">Croatia<\/span>[\/vc_column_text]<\/div><\/div><div class=\"clearboth\"><\/div><\/div>[\/vc_column_inner][vc_column_inner width=&#8221;1\/3&#8243; offset=&#8221;vc_col-lg-4 vc_col-md-6 vc_col-xs-12&#8243;]<div class=\"gem-icon-with-text gem-icon-with-text-icon-size-small gem-icon-with-text-flow\"><div style=\"margin-bottom:0px;margin-top:0px; \" class=\"gem-icon-with-text-icon\"><div class=\"gem-icon gem-icon-pack-elegant gem-icon-size-small  gem-icon-shape-square gem-simple-icon\" style=\"opacity: 1;\"><div class=\"gem-icon-inner\" style=\"\"><span class=\"gem-icon-half-1\" style=\"color: #eb5353;\"><span class=\"back-angle\">&#xe027;<\/span><\/span><span class=\"gem-icon-half-2\" style=\"color: #eb5353;\"><span class=\"back-angle\">&#xe027;<\/span><\/span><\/div><\/div><\/div><div class=\"gem-icon-with-text-content\" ><div class=\"gem-icon-with-text-text\">[vc_column_text]<span style=\"color: #ffffff;\">Tel.: +385 40 822 190<\/span>[\/vc_column_text]<\/div><\/div><div class=\"clearboth\"><\/div><\/div><div class=\"gem-icon-with-text gem-icon-with-text-icon-size-small gem-icon-with-text-flow\"><div style=\"margin-bottom:0px;margin-top:0px; \" class=\"gem-icon-with-text-icon\"><div class=\"gem-icon gem-icon-pack-elegant gem-icon-size-small  gem-icon-shape-square gem-simple-icon\" style=\"opacity: 1;\"><div class=\"gem-icon-inner\" style=\"\"><span class=\"gem-icon-half-1\" style=\"color: #eb5353;\"><span class=\"back-angle\">&#x62;<\/span><\/span><span class=\"gem-icon-half-2\" style=\"color: #eb5353;\"><span class=\"back-angle\">&#x62;<\/span><\/span><\/div><\/div><\/div><div class=\"gem-icon-with-text-content\" ><div class=\"gem-icon-with-text-text\">[vc_column_text]<span style=\"color: #ffffff;\">Fax: +385 40 822 090<\/span>[\/vc_column_text]<\/div><\/div><div class=\"clearboth\"><\/div><\/div><div class=\"gem-icon-with-text gem-icon-with-text-icon-size-small gem-icon-with-text-flow\"><div style=\"margin-bottom:0px;margin-top:0px; \" class=\"gem-icon-with-text-icon\"><div class=\"gem-icon gem-icon-pack-elegant gem-icon-size-small  gem-icon-shape-square gem-simple-icon\" style=\"opacity: 1;\"><div class=\"gem-icon-inner\" style=\"\"><span class=\"gem-icon-half-1\" style=\"color: #eb5353;\"><span class=\"back-angle\">&#xe010;<\/span><\/span><span class=\"gem-icon-half-2\" style=\"color: #eb5353;\"><span class=\"back-angle\">&#xe010;<\/span><\/span><\/div><\/div><\/div><div class=\"gem-icon-with-text-content\" ><div class=\"gem-icon-with-text-text\">[vc_column_text]<span style=\"color: #ffffff;\">Email: krika(@)krika.hr<\/span>[\/vc_column_text]<\/div><\/div><div class=\"clearboth\"><\/div><\/div>[\/vc_column_inner][vc_column_inner width=&#8221;1\/3&#8243; offset=&#8221;vc_col-lg-4 vc_col-md-12 vc_col-xs-12&#8243;]<div class=\"gem-icon-with-text gem-icon-with-text-icon-size-small gem-icon-with-text-flow\"><div style=\"margin-bottom:0px;margin-top:0px; \" class=\"gem-icon-with-text-icon\"><div class=\"gem-icon gem-icon-pack-elegant gem-icon-size-small  gem-icon-shape-square gem-simple-icon\" style=\"opacity: 1;\"><div class=\"gem-icon-inner\" style=\"\"><span class=\"gem-icon-half-1\" style=\"color: #eb5353;\"><span class=\"back-angle\">&#xe023;<\/span><\/span><span class=\"gem-icon-half-2\" style=\"color: #eb5353;\"><span class=\"back-angle\">&#xe023;<\/span><\/span><\/div><\/div><\/div><div class=\"gem-icon-with-text-content\" ><div class=\"gem-icon-with-text-text\">[vc_column_text]<span style=\"color: #ffffff;\">Working hours:<\/span>[\/vc_column_text][vc_column_text]<span style=\"color: #ffffff;\">Mon - Fri: 7:00 \u2013 15:00<\/span><\/p>\n<p><span style=\"color: #ffffff;\"> Saturday, Sunday: Closed<\/span>[\/vc_column_text]<\/div><\/div><div class=\"clearboth\"><\/div><\/div>[\/vc_column_inner][\/vc_row_inner][\/vc_column][vc_column css=&#8221;.vc_custom_1471422036586{margin-top: 0px !important;margin-bottom: 0px !important;background-color: #f0f3f2 !important;}&#8221; offset=&#8221;vc_col-lg-6 vc_col-md-6 vc_col-xs-12&#8243;][vc_column_text]<\/p>\n<h2><span style=\"color: #222222;\">SEND US A QUESTION <\/span><\/h2>\n<p>[\/vc_column_text]<div class=\"clearboth\"><\/div><div class=\"gem-divider\" style=\"margin-top: 60px;\"><\/div><div role=\"form\" class=\"wpcf7\" id=\"wpcf7-f9-o1\" lang=\"en-US\" dir=\"ltr\">\n<div class=\"screen-reader-response\"><\/div>\n<form action=\"\/en\/wp-json\/wp\/v2\/pages\/31681#wpcf7-f9-o1\" method=\"post\" class=\"wpcf7-form\" novalidate=\"novalidate\" data-trp-original-action=\"\/en\/wp-json\/wp\/v2\/pages\/31681#wpcf7-f9-o1\">\n<div style=\"display: none;\">\n<input type=\"hidden\" name=\"_wpcf7\" value=\"9\" \/>\n<input type=\"hidden\" name=\"_wpcf7_version\" value=\"5.1.7\" \/>\n<input type=\"hidden\" name=\"_wpcf7_locale\" value=\"en_US\" \/>\n<input type=\"hidden\" name=\"_wpcf7_unit_tag\" value=\"wpcf7-f9-o1\" \/>\n<input type=\"hidden\" name=\"_wpcf7_container_post\" value=\"0\" \/>\n<\/div>\n<p><label> Name (*)<br \/>\n    <span class=\"wpcf7-form-control-wrap your-name\"><input type=\"text\" name=\"your-name\" value=\"\" size=\"40\" class=\"wpcf7-form-control wpcf7-text wpcf7-validates-as-required\" aria-required=\"true\" aria-invalid=\"false\" \/><\/span> <\/label><\/p>\n<p><label> Email (*)<br \/>\n    <span class=\"wpcf7-form-control-wrap your-email\"><input type=\"email\" name=\"your-email\" value=\"\" size=\"40\" class=\"wpcf7-form-control wpcf7-text wpcf7-email wpcf7-validates-as-required wpcf7-validates-as-email\" aria-required=\"true\" aria-invalid=\"false\" \/><\/span> <\/label><\/p>\n<p><label> Message<br \/>\n    <span class=\"wpcf7-form-control-wrap your-message\"><textarea name=\"your-message\" cols=\"40\" rows=\"10\" class=\"wpcf7-form-control wpcf7-textarea\" aria-invalid=\"false\"><\/textarea><\/span> <\/label><\/p>\n<p><input type=\"submit\" value=\"Send\" class=\"wpcf7-form-control wpcf7-submit\" \/><\/p>\n<div class=\"wpcf7-response-output wpcf7-display-none\"><\/div><input type=\"hidden\" name=\"trp-form-language\" value=\"en\"\/><\/form><\/div>[\/vc_column][\/vc_row]<\/p>","protected":false},"excerpt":{"rendered":"<p>[vc_row full_width=&#8221;stretch_row_content_no_spaces&#8221; equal_height=&#8221;yes&#8221; css=&#8221;.vc_custom_1557742607445{margin-bottom: 150px !important;padding-top: 100px !important;padding-bottom: 150px !important;background-image: url(http:\/\/www.krika.hr\/wp-content\/uploads\/2019\/04\/facade-1048085_1920.jpg?id=30442) !important;background-position: center !important;background-repeat: no-repeat !important;background-size: cover !important;}&#8221;][vc_column css=&#8221;.vc_custom_1556539889017{padding-top: 50px&#8230;<\/p>","protected":false},"author":1,"featured_media":0,"parent":0,"menu_order":0,"comment_status":"closed","ping_status":"closed","template":"","meta":[],"_links":{"self":[{"href":"https:\/\/www.krika.hr\/en\/wp-json\/wp\/v2\/pages\/31681"}],"collection":[{"href":"https:\/\/www.krika.hr\/en\/wp-json\/wp\/v2\/pages"}],"about":[{"href":"https:\/\/www.krika.hr\/en\/wp-json\/wp\/v2\/types\/page"}],"author":[{"embeddable":true,"href":"https:\/\/www.krika.hr\/en\/wp-json\/wp\/v2\/users\/1"}],"replies":[{"embeddable":true,"href":"https:\/\/www.krika.hr\/en\/wp-json\/wp\/v2\/comments?post=31681"}],"version-history":[{"count":9,"href":"https:\/\/www.krika.hr\/en\/wp-json\/wp\/v2\/pages\/31681\/revisions"}],"predecessor-version":[{"id":32236,"href":"https:\/\/www.krika.hr\/en\/wp-json\/wp\/v2\/pages\/31681\/revisions\/32236"}],"wp:attachment":[{"href":"https:\/\/www.krika.hr\/en\/wp-json\/wp\/v2\/media?parent=31681"}],"curies":[{"name":"wp","href":"https:\/\/api.w.org\/{rel}","templated":true}]}}