{"id":13046,"date":"2016-03-16T15:04:31","date_gmt":"2016-03-16T14:04:31","guid":{"rendered":"http:\/\/democontent.codex-themes.com\/thegem\/?page_id=13046"},"modified":"2021-09-27T08:58:56","modified_gmt":"2021-09-27T07:58:56","slug":"kontakt","status":"publish","type":"page","link":"https:\/\/www.krika.hr\/en\/kontakt\/","title":{"rendered":"CONTACT"},"content":{"rendered":"<p>[vc_row full_width=&#8221;stretch_row_content_no_spaces&#8221; equal_height=&#8221;yes&#8221; css=&#8221;.vc_custom_1556631921151{margin-top: 0px !important;margin-bottom: 150px !important;padding-top: 100px !important;padding-bottom: 150px !important;background-image: url(http:\/\/www.krika.hr\/wp-content\/uploads\/2019\/04\/facade-1048085_1920.jpg?id=30442) !important;background-position: center !important;background-repeat: no-repeat !important;background-size: cover !important;}&#8221;][vc_column css=&#8221;.vc_custom_1556539889017{padding-top: 50px !important;background-position: center !important;background-repeat: no-repeat !important;background-size: cover !important;}&#8221;][vc_column_text css=&#8221;.vc_custom_1556632035831{padding-left: 50px !important;}&#8221;]<\/p>\n<div class=\"title-xlarge\" style=\"text-align: center;\"><span style=\"color: #ffffff;\">CONTACT<\/span><\/div>\n<p>[\/vc_column_text][\/vc_column][\/vc_row][vc_row full_width=&#8221;stretch_row_content_no_spaces&#8221; css=&#8221;.vc_custom_1556631989284{margin-top: -150px !important;margin-bottom: 0px !important;}&#8221;][vc_column css=&#8221;.vc_custom_1461417063512{padding-top: 0px !important;}&#8221;]<div class=\"gem-map-with-text\"><div class=\"gem-map-with-text-content\" style=\"\"><\/div><div class=\"gem-map-with-text-map\">[vc_gmaps link=\"#E-8_JTNDaWZyYW1lJTIwc3JjJTNEJTIyaHR0cHMlM0ElMkYlMkZ3d3cuZ29vZ2xlLmNvbSUyRm1hcHMlMkZlbWJlZCUzRnBiJTNEJTIxMW0xOCUyMTFtMTIlMjExbTMlMjExZDIyMDI0LjYxNDk2ODM3OTIyJTIxMmQxNi4zNTg5MjI1OTI0OTM4MyUyMTNkNDYuMzY3ODYyODM3NDg2MjY0JTIxMm0zJTIxMWYwJTIxMmYwJTIxM2YwJTIxM20yJTIxMWkxMDI0JTIxMmk3NjglMjE0ZjEzLjElMjEzbTMlMjExbTIlMjExczB4NDc2OGFjY2ZmMTgyOTdhZCUyNTNBMHhkYmJjMjEyMjc1OTkyNmQxJTIxMnNLUklLQSUyMTVlMCUyMTNtMiUyMTFzaHIlMjEyc2hyJTIxNHYxNTU2NjA4NjI5OTY0JTIxNW0yJTIxMXNociUyMTJzaHIlMjIlMjB3aWR0aCUzRCUyMjYwMCUyMiUyMGhlaWdodCUzRCUyMjQ1MCUyMiUyMGZyYW1lYm9yZGVyJTNEJTIyMCUyMiUyMHN0eWxlJTNEJTIyYm9yZGVyJTNBMCUyMiUyMGFsbG93ZnVsbHNjcmVlbiUzRSUzQyUyRmlmcmFtZSUzRQ==\" size=\"746\" disable_scroll=\"1\"]<\/div><\/div>[\/vc_column][\/vc_row][vc_row css=&#8221;.vc_custom_1458198549877{margin-bottom: 0px !important;}&#8221;][vc_column]<div class=\"clearboth\"><\/div><div class=\"gem-divider\" style=\"margin-top: 80px;\"><\/div>[vc_column_text]<\/p>\n<div class=\"title-h1\" style=\"text-align: center;\">Contact <span class=\"light\">information<\/span><\/div>\n<p>[\/vc_column_text]<div class=\"clearboth\"><\/div><div class=\"gem-divider\" style=\"margin-top: 60px;\"><\/div><div class=\"clearboth\"><\/div><div class=\"gem-divider\" style=\"margin-top: 80px;\"><\/div>[vc_row_inner el_class=&#8221;h_row&#8221;][vc_column_inner width=&#8221;1\/4&#8243; css=&#8221;.vc_custom_1461419262544{padding-right: 0px !important;padding-left: 0px !important;background-color: #8781bd !important;}&#8221;]<div class=\"gem-textbox centered-box\" ><div class=\"gem-textbox-inner\" style=\"\"><div class=\"gem-textbox-content\" style=\"background-position: center top;padding-top: 43px;padding-bottom: 47px;\"><div class=\"centered-box\"><div class=\"gem-icon gem-icon-pack-elegant gem-icon-size-medium  gem-icon-shape-square gem-simple-icon\" style=\"opacity: 1;\"><div class=\"gem-icon-inner\" style=\"\"><span class=\"gem-icon-half-1\" style=\"color: #ffffff;\"><span class=\"back-angle\">&#xe01d;<\/span><\/span><span class=\"gem-icon-half-2\" style=\"color: #ffffff;\"><span class=\"back-angle\">&#xe01d;<\/span><\/span><\/div><\/div><\/div><div class=\"clearboth\"><\/div><div class=\"gem-divider\" style=\"margin-top: 30px;\"><\/div>[vc_column_text]<\/p>\n<div class=\"title-h5\" style=\"text-align: center;\"><span class=\"light\" style=\"color: #ffffff;\">Address<\/span><\/div>\n<p>[\/vc_column_text]<div class=\"clearboth\"><\/div><div class=\"gem-divider\" style=\"margin-top: 10px;\"><\/div>[vc_column_text]<\/p>\n<div style=\"text-align: center;\"><span class=\"light\" style=\"color: #ffffff;\">Vara\u017edinska 25a, HR40305 Nedeli\u0161\u0107e<\/span><\/div>\n<p>[\/vc_column_text]<\/div><\/div><\/div>[\/vc_column_inner][vc_column_inner width=&#8221;1\/4&#8243; css=&#8221;.vc_custom_1458216798807{background-color: #42abd6 !important;}&#8221;]<div class=\"gem-textbox centered-box\" ><div class=\"gem-textbox-inner\" style=\"\"><div class=\"gem-textbox-content\" style=\"background-position: center top;padding-top: 43px;padding-bottom: 47px;\"><div class=\"centered-box\"><div class=\"gem-icon gem-icon-pack-elegant gem-icon-size-medium  gem-icon-shape-square gem-simple-icon\" style=\"opacity: 1;\"><div class=\"gem-icon-inner\" style=\"\"><span class=\"gem-icon-half-1\" style=\"color: #ffffff;\"><span class=\"back-angle\">&#xe027;<\/span><\/span><span class=\"gem-icon-half-2\" style=\"color: #ffffff;\"><span class=\"back-angle\">&#xe027;<\/span><\/span><\/div><\/div><\/div><div class=\"clearboth\"><\/div><div class=\"gem-divider\" style=\"margin-top: 30px;\"><\/div>[vc_column_text]<\/p>\n<div class=\"title-h5\" style=\"text-align: center;\"><span class=\"light\" style=\"color: #ffffff;\">tel.<\/span><\/div>\n<p>[\/vc_column_text]<div class=\"clearboth\"><\/div><div class=\"gem-divider\" style=\"margin-top: 10px;\"><\/div>[vc_column_text]<\/p>\n<div style=\"text-align: center;\"><span class=\"light\" style=\"color: #ffffff;\">+385 40 822 190<\/span><\/div>\n<p>[\/vc_column_text]<\/div><\/div><\/div>[\/vc_column_inner][vc_column_inner width=&#8221;1\/4&#8243; css=&#8221;.vc_custom_1458216808629{background-color: #6fc8bf !important;}&#8221;]<div class=\"gem-textbox centered-box\" ><div class=\"gem-textbox-inner\" style=\"\"><div class=\"gem-textbox-content\" style=\"background-position: center top;padding-top: 43px;padding-bottom: 47px;\"><div class=\"centered-box\"><div class=\"gem-icon gem-icon-pack-elegant gem-icon-size-medium  gem-icon-shape-square gem-simple-icon\" style=\"opacity: 1;\"><div class=\"gem-icon-inner\" style=\"\"><span class=\"gem-icon-half-1\" style=\"color: #ffffff;\"><span class=\"back-angle\">&#x62;<\/span><\/span><span class=\"gem-icon-half-2\" style=\"color: #ffffff;\"><span class=\"back-angle\">&#x62;<\/span><\/span><\/div><\/div><\/div><div class=\"clearboth\"><\/div><div class=\"gem-divider\" style=\"margin-top: 30px;\"><\/div>[vc_column_text]<\/p>\n<div class=\"title-h5\" style=\"text-align: center;\"><span class=\"light\" style=\"color: #ffffff;\">Fax<\/span><\/div>\n<p>[\/vc_column_text]<div class=\"clearboth\"><\/div><div class=\"gem-divider\" style=\"margin-top: 10px;\"><\/div>[vc_column_text]<\/p>\n<div style=\"text-align: center;\"><span class=\"light\" style=\"color: #ffffff;\">+385 40 822 090<\/span><\/div>\n<p>[\/vc_column_text]<\/div><\/div><\/div>[\/vc_column_inner][vc_column_inner width=&#8221;1\/4&#8243; css=&#8221;.vc_custom_1458216818757{background-color: #a3d070 !important;}&#8221;]<div class=\"gem-textbox centered-box\" ><div class=\"gem-textbox-inner\" style=\"\"><div class=\"gem-textbox-content\" style=\"background-position: center top;padding-top: 43px;padding-bottom: 47px;\"><div class=\"centered-box\"><div class=\"gem-icon gem-icon-pack-elegant gem-icon-size-medium  gem-icon-shape-square gem-simple-icon\" style=\"opacity: 1;\"><div class=\"gem-icon-inner\" style=\"\"><span class=\"gem-icon-half-1\" style=\"color: #ffffff;\"><span class=\"back-angle\">&#xe010;<\/span><\/span><span class=\"gem-icon-half-2\" style=\"color: #ffffff;\"><span class=\"back-angle\">&#xe010;<\/span><\/span><\/div><\/div><\/div><div class=\"clearboth\"><\/div><div class=\"gem-divider\" style=\"margin-top: 30px;\"><\/div>[vc_column_text]<\/p>\n<div class=\"title-h5\" style=\"text-align: center;\"><span class=\"light\" style=\"color: #ffffff;\">email<\/span><\/div>\n<p>[\/vc_column_text]<div class=\"clearboth\"><\/div><div class=\"gem-divider\" style=\"margin-top: 10px;\"><\/div>[vc_column_text]<\/p>\n<div style=\"text-align: center;\"><span class=\"light\" style=\"color: #ffffff;\">krika@krika.hr,natpisi@krika.hr<\/span><\/div>\n<p>[\/vc_column_text]<\/div><\/div><\/div>[\/vc_column_inner][\/vc_row_inner]<div class=\"clearboth\"><\/div><div class=\"gem-divider\" style=\"margin-top: 160px;\"><\/div>[vc_text_separator title=&#8221;Radno vrijeme&#8221; style=&#8221;double&#8221;]<div class=\"clearboth\"><\/div><div class=\"gem-divider\" style=\"margin-top: 80px;\"><\/div>[\/vc_column][\/vc_row][vc_row][vc_column width=&#8221;1\/3&#8243; el_class=&#8221;date-box box1&#8243;]<div class=\"gem-textbox centered-box\" ><div class=\"gem-textbox-top gem-textbox-top-flag\"><svg viewbox=\"0 0 1000 20\" preserveaspectratio=\"none\" width=\"100%\" height=\"20\" style=\"fill: #f4f6f7;\"><path d=\"M 0,20.5 0,0 500,20.5 1000,0 1000,20.5\" \/><\/svg><\/div><div class=\"gem-textbox-inner\" style=\"\"><div class=\"gem-textbox-content\" style=\"background-color: #f4f6f7;background-position: center top;padding-top: 60px;padding-bottom: 70px;padding-left: 0px;padding-right: 0px;\"><div class=\"clearboth\"><\/div><div class=\"gem-divider\" style=\"margin-top: 50px;\"><\/div>[vc_column_text]<\/p>\n<div class=\"title-h6\" style=\"text-align: center;\">mon-fri<\/div>\n<p>[\/vc_column_text]<div class=\"clearboth\"><\/div><div class=\"gem-divider\" style=\"margin-top: -105px;\"><\/div><div class=\"centered-box\"><div class=\"gem-icon gem-icon-pack-elegant gem-icon-size-xlarge  gem-icon-shape-square gem-simple-icon\" style=\"opacity: 1;\"><div class=\"gem-icon-inner\" style=\"\"><span class=\"gem-icon-half-1\" style=\"color: #eb5353;\"><span class=\"back-angle\">&#xe023;<\/span><\/span><span class=\"gem-icon-half-2\" style=\"color: #eb5353;\"><span class=\"back-angle\">&#xe023;<\/span><\/span><\/div><\/div><\/div>[vc_column_text css=&#8221;.vc_custom_1556628111380{margin-top: 80px !important;}&#8221;]<\/p>\n<div class=\"title-h4\" style=\"text-align: center;\">7:00 \u2013 15:00<\/div>\n<p>[\/vc_column_text]<\/div><\/div><\/div>[\/vc_column][vc_column width=&#8221;1\/3&#8243; el_class=&#8221;date-box box2&#8243;]<div class=\"gem-textbox centered-box\" ><div class=\"gem-textbox-top gem-textbox-top-flag\"><svg viewbox=\"0 0 1000 20\" preserveaspectratio=\"none\" width=\"100%\" height=\"20\" style=\"fill: #f4f6f7;\"><path d=\"M 0,20.5 0,0 500,20.5 1000,0 1000,20.5\" \/><\/svg><\/div><div class=\"gem-textbox-inner\" style=\"\"><div class=\"gem-textbox-content\" style=\"background-color: #f4f6f7;background-position: center top;padding-top: 60px;padding-bottom: 70px;padding-left: 0px;padding-right: 0px;\"><div class=\"clearboth\"><\/div><div class=\"gem-divider\" style=\"margin-top: 50px;\"><\/div>[vc_column_text]<\/p>\n<div class=\"title-h6\" style=\"text-align: center;\">saturday<\/div>\n<p>[\/vc_column_text]<div class=\"clearboth\"><\/div><div class=\"gem-divider\" style=\"margin-top: -105px;\"><\/div><div class=\"centered-box\"><div class=\"gem-icon gem-icon-pack-elegant gem-icon-size-xlarge  gem-icon-shape-square gem-simple-icon\" style=\"opacity: 1;\"><div class=\"gem-icon-inner\" style=\"\"><span class=\"gem-icon-half-1\" style=\"color: #eb5353;\"><span class=\"back-angle\">&#xe023;<\/span><\/span><span class=\"gem-icon-half-2\" style=\"color: #eb5353;\"><span class=\"back-angle\">&#xe023;<\/span><\/span><\/div><\/div><\/div>[vc_column_text css=&#8221;.vc_custom_1581687796981{margin-top: 80px !important;}&#8221;]<\/p>\n<div class=\"title-h4\" style=\"text-align: center;\">closed<\/div>\n<p>[\/vc_column_text]<\/div><\/div><\/div>[\/vc_column][vc_column width=&#8221;1\/3&#8243; el_class=&#8221;date-box box3&#8243;]<div class=\"gem-textbox centered-box\" ><div class=\"gem-textbox-top gem-textbox-top-flag\"><svg viewbox=\"0 0 1000 20\" preserveaspectratio=\"none\" width=\"100%\" height=\"20\" style=\"fill: #f4f6f7;\"><path d=\"M 0,20.5 0,0 500,20.5 1000,0 1000,20.5\" \/><\/svg><\/div><div class=\"gem-textbox-inner\" style=\"\"><div class=\"gem-textbox-content\" style=\"background-color: #f4f6f7;background-position: center top;padding-top: 60px;padding-bottom: 70px;padding-left: 0px;padding-right: 0px;\"><div class=\"clearboth\"><\/div><div class=\"gem-divider\" style=\"margin-top: 50px;\"><\/div>[vc_column_text]<\/p>\n<div class=\"title-h6\" style=\"text-align: center;\">sunday<\/div>\n<p>[\/vc_column_text]<div class=\"clearboth\"><\/div><div class=\"gem-divider\" style=\"margin-top: -105px;\"><\/div><div class=\"centered-box\"><div class=\"gem-icon gem-icon-pack-elegant gem-icon-size-xlarge  gem-icon-shape-square gem-simple-icon\" style=\"opacity: 1;\"><div class=\"gem-icon-inner\" style=\"\"><span class=\"gem-icon-half-1\" style=\"color: #eb5353;\"><span class=\"back-angle\">&#xe023;<\/span><\/span><span class=\"gem-icon-half-2\" style=\"color: #eb5353;\"><span class=\"back-angle\">&#xe023;<\/span><\/span><\/div><\/div><\/div>[vc_column_text css=&#8221;.vc_custom_1556628129621{margin-top: 80px !important;}&#8221;]<\/p>\n<div class=\"title-h4\" style=\"text-align: center;\">closed<\/div>\n<p>[\/vc_column_text]<\/div><\/div><\/div>[\/vc_column][\/vc_row][vc_row][vc_column]<div class=\"clearboth\"><\/div><div class=\"gem-divider\" style=\"margin-top: 90px;\"><\/div>[\/vc_column][\/vc_row][vc_row css=&#8221;.vc_custom_1458198557645{margin-bottom: 0px !important;}&#8221;][vc_column]<div class=\"centered-box gem-image-centered-box\"><div class=\"gem-image gem-wrapbox gem-wrapbox-style-default gem-wrapbox-position-centered\" style=\"\"><div class=\"gem-wrapbox-inner\" ><img class=\"gem-wrapbox-element img-responsive\" src=\"https:\/\/www.krika.hr\/wp-content\/uploads\/2016\/03\/hexagon_icon_plus_hexagon_image.png\" alt=\"\"\/><\/div><\/div><\/div><div class=\"clearboth\"><\/div><div class=\"gem-divider\" style=\"margin-top: 75px;\"><\/div>[vc_column_text]<\/p>\n<div class=\"title-h1\" style=\"text-align: center;\">Send us<span class=\"light\">a question<\/span><\/div>\n<p>[\/vc_column_text]<div class=\"clearboth\"><\/div><div class=\"gem-divider\" style=\"margin-top: 45px;\"><\/div><div class=\"clearboth\"><\/div><div class=\"gem-divider\" style=\"margin-top: 75px;\"><\/div>[\/vc_column][\/vc_row][vc_row css=&#8221;.vc_custom_1458306597878{margin-bottom: -1px !important;}&#8221;][vc_column]<div role=\"form\" class=\"wpcf7\" id=\"wpcf7-f9-o1\" lang=\"en-US\" dir=\"ltr\">\n<div class=\"screen-reader-response\"><\/div>\n<form action=\"\/en\/wp-json\/wp\/v2\/pages\/13046#wpcf7-f9-o1\" method=\"post\" class=\"wpcf7-form\" novalidate=\"novalidate\" data-trp-original-action=\"\/en\/wp-json\/wp\/v2\/pages\/13046#wpcf7-f9-o1\">\n<div style=\"display: none;\">\n<input type=\"hidden\" name=\"_wpcf7\" value=\"9\" \/>\n<input type=\"hidden\" name=\"_wpcf7_version\" value=\"5.1.7\" \/>\n<input type=\"hidden\" name=\"_wpcf7_locale\" value=\"en_US\" \/>\n<input type=\"hidden\" name=\"_wpcf7_unit_tag\" value=\"wpcf7-f9-o1\" \/>\n<input type=\"hidden\" name=\"_wpcf7_container_post\" value=\"0\" \/>\n<\/div>\n<p><label> Name (*)<br \/>\n    <span class=\"wpcf7-form-control-wrap your-name\"><input type=\"text\" name=\"your-name\" value=\"\" size=\"40\" class=\"wpcf7-form-control wpcf7-text wpcf7-validates-as-required\" aria-required=\"true\" aria-invalid=\"false\" \/><\/span> <\/label><\/p>\n<p><label> Email (*)<br \/>\n    <span class=\"wpcf7-form-control-wrap your-email\"><input type=\"email\" name=\"your-email\" value=\"\" size=\"40\" class=\"wpcf7-form-control wpcf7-text wpcf7-email wpcf7-validates-as-required wpcf7-validates-as-email\" aria-required=\"true\" aria-invalid=\"false\" \/><\/span> <\/label><\/p>\n<p><label> Message<br \/>\n    <span class=\"wpcf7-form-control-wrap your-message\"><textarea name=\"your-message\" cols=\"40\" rows=\"10\" class=\"wpcf7-form-control wpcf7-textarea\" aria-invalid=\"false\"><\/textarea><\/span> <\/label><\/p>\n<p><input type=\"submit\" value=\"Send\" class=\"wpcf7-form-control wpcf7-submit\" \/><\/p>\n<div class=\"wpcf7-response-output wpcf7-display-none\"><\/div><input type=\"hidden\" name=\"trp-form-language\" value=\"en\"\/><\/form><\/div>[vc_column_text]<\/p>\n<div style=\"text-align: center;\">\n<h6><span class=\"letter-spacing light\" style=\"font-size: 12px;\"><em><strong>Pursuant to the Regulation on the Protection of Individuals with regard to the Processing of Personal Data and on the Free Movement of such Data, and the Processing and Protection of Data, \"Krika\" treats personal data as confidential information and protects personal data.<a class=\"moz-txt-link-abbreviated\" href=\"https:\/\/www.krika.hr\/en\/\" target=\"_blank\" rel=\"noopener noreferrer\">www.krika.hr<\/a>\"Is possible without leaving any personal data.<\/strong><\/em><\/span><\/h6>\n<h6><span class=\"letter-spacing light\" style=\"font-size: 12px;\"><em><strong>The data that user enters through the contact form, only the employees of \"Krika\" are inspected. The data will not be forwarded and disclosed to third parties unless there is a legal basis for the same.<\/strong><\/em><\/span><\/h6>\n<h6><span class=\"letter-spacing light\" style=\"font-size: 12px;\"><em><strong>If the user enters personal data through the contact form, the data will be used only for the purpose of contacting, while any other unnecessary data that the user may delete will be deleted.<\/strong><\/em><\/span><\/h6>\n<\/div>\n<p>[\/vc_column_text][\/vc_column][\/vc_row][vc_row full_width=&#8221;stretch_row_content&#8221; equal_height=&#8221;yes&#8221; css=&#8221;.vc_custom_1557476859710{margin-bottom: 0px !important;}&#8221; el_class=&#8221;contact-row&#8221;][vc_column css=&#8221;.vc_custom_1556279342280{margin-top: 0px !important;margin-bottom: 0px !important;background-image: url(http:\/\/www.krika.hr\/wp-content\/uploads\/2019\/04\/homekontaktslika.jpg?id=30469) !important;background-position: center !important;background-repeat: no-repeat !important;background-size: cover !important;}&#8221; offset=&#8221;vc_col-lg-6 vc_col-md-6 vc_col-xs-12&#8243;]<div class=\"clearboth\"><\/div><div class=\"gem-divider\" style=\"margin-top: 250px;\"><\/div>[vc_row_inner][vc_column_inner width=&#8221;1\/3&#8243; offset=&#8221;vc_col-lg-4 vc_col-md-6 vc_col-xs-12&#8243;]<div class=\"gem-icon-with-text gem-icon-with-text-icon-size-small gem-icon-with-text-flow\"><div style=\"margin-bottom:0px;margin-top:0px; \" class=\"gem-icon-with-text-icon\"><div class=\"gem-icon gem-icon-pack-elegant gem-icon-size-small  gem-icon-shape-square gem-simple-icon\" style=\"opacity: 1;\"><div class=\"gem-icon-inner\" style=\"\"><span class=\"gem-icon-half-1\" style=\"color: #eb5353;\"><span class=\"back-angle\">&#xe01d;<\/span><\/span><span class=\"gem-icon-half-2\" style=\"color: #eb5353;\"><span class=\"back-angle\">&#xe01d;<\/span><\/span><\/div><\/div><\/div><div class=\"gem-icon-with-text-content\" ><div class=\"gem-icon-with-text-text\">[vc_column_text]<span style=\"color: #ffffff;\">Location:<\/span>[\/vc_column_text][vc_column_text]<span style=\"color: #ffffff;\">Vara\u017edinska 25a <\/span><\/p>\n<p><span style=\"color: #ffffff;\">40305 Nedeli\u0161\u0107e<\/span><\/p>\n<p><span style=\"color: #ffffff;\">Croatia<\/span>[\/vc_column_text]<\/div><\/div><div class=\"clearboth\"><\/div><\/div>[\/vc_column_inner][vc_column_inner width=&#8221;1\/3&#8243; offset=&#8221;vc_col-lg-4 vc_col-md-6 vc_col-xs-12&#8243;]<div class=\"gem-icon-with-text gem-icon-with-text-icon-size-small gem-icon-with-text-flow\"><div style=\"margin-bottom:0px;margin-top:0px; \" class=\"gem-icon-with-text-icon\"><div class=\"gem-icon gem-icon-pack-elegant gem-icon-size-small  gem-icon-shape-square gem-simple-icon\" style=\"opacity: 1;\"><div class=\"gem-icon-inner\" style=\"\"><span class=\"gem-icon-half-1\" style=\"color: #eb5353;\"><span class=\"back-angle\">&#xe027;<\/span><\/span><span class=\"gem-icon-half-2\" style=\"color: #eb5353;\"><span class=\"back-angle\">&#xe027;<\/span><\/span><\/div><\/div><\/div><div class=\"gem-icon-with-text-content\" ><div class=\"gem-icon-with-text-text\">[vc_column_text]<span style=\"color: #ffffff;\">Tel.: +385 40 822 190<\/span>[\/vc_column_text]<\/div><\/div><div class=\"clearboth\"><\/div><\/div><div class=\"gem-icon-with-text gem-icon-with-text-icon-size-small gem-icon-with-text-flow\"><div style=\"margin-bottom:0px;margin-top:0px; \" class=\"gem-icon-with-text-icon\"><div class=\"gem-icon gem-icon-pack-elegant gem-icon-size-small  gem-icon-shape-square gem-simple-icon\" style=\"opacity: 1;\"><div class=\"gem-icon-inner\" style=\"\"><span class=\"gem-icon-half-1\" style=\"color: #eb5353;\"><span class=\"back-angle\">&#x62;<\/span><\/span><span class=\"gem-icon-half-2\" style=\"color: #eb5353;\"><span class=\"back-angle\">&#x62;<\/span><\/span><\/div><\/div><\/div><div class=\"gem-icon-with-text-content\" ><div class=\"gem-icon-with-text-text\">[vc_column_text]<span style=\"color: #ffffff;\">Fax: +385 40 822 090<\/span>[\/vc_column_text]<\/div><\/div><div class=\"clearboth\"><\/div><\/div><div class=\"gem-icon-with-text gem-icon-with-text-icon-size-small gem-icon-with-text-flow\"><div style=\"margin-bottom:0px;margin-top:0px; \" class=\"gem-icon-with-text-icon\"><div class=\"gem-icon gem-icon-pack-elegant gem-icon-size-small  gem-icon-shape-square gem-simple-icon\" style=\"opacity: 1;\"><div class=\"gem-icon-inner\" style=\"\"><span class=\"gem-icon-half-1\" style=\"color: #eb5353;\"><span class=\"back-angle\">&#xe010;<\/span><\/span><span class=\"gem-icon-half-2\" style=\"color: #eb5353;\"><span class=\"back-angle\">&#xe010;<\/span><\/span><\/div><\/div><\/div><div class=\"gem-icon-with-text-content\" ><div class=\"gem-icon-with-text-text\">[vc_column_text]<span style=\"color: #ffffff;\">Email: krika(@)krika.hr<\/span>[\/vc_column_text]<\/div><\/div><div class=\"clearboth\"><\/div><\/div>[\/vc_column_inner][vc_column_inner width=&#8221;1\/3&#8243; offset=&#8221;vc_col-lg-4 vc_col-md-12 vc_col-xs-12&#8243;]<div class=\"gem-icon-with-text gem-icon-with-text-icon-size-small gem-icon-with-text-flow\"><div style=\"margin-bottom:0px;margin-top:0px; \" class=\"gem-icon-with-text-icon\"><div class=\"gem-icon gem-icon-pack-elegant gem-icon-size-small  gem-icon-shape-square gem-simple-icon\" style=\"opacity: 1;\"><div class=\"gem-icon-inner\" style=\"\"><span class=\"gem-icon-half-1\" style=\"color: #eb5353;\"><span class=\"back-angle\">&#xe023;<\/span><\/span><span class=\"gem-icon-half-2\" style=\"color: #eb5353;\"><span class=\"back-angle\">&#xe023;<\/span><\/span><\/div><\/div><\/div><div class=\"gem-icon-with-text-content\" ><div class=\"gem-icon-with-text-text\">[vc_column_text]<span style=\"color: #ffffff;\">Working hours:<\/span>[\/vc_column_text][vc_column_text]<span style=\"color: #ffffff;\">Mon - Fri: 7:00 \u2013 15:00<\/span><\/p>\n<p><span style=\"color: #ffffff;\"> Saturday, Sunday: Closed<\/span>[\/vc_column_text]<\/div><\/div><div class=\"clearboth\"><\/div><\/div>[\/vc_column_inner][\/vc_row_inner][\/vc_column][vc_column css=&#8221;.vc_custom_1471422036586{margin-top: 0px !important;margin-bottom: 0px !important;background-color: #f0f3f2 !important;}&#8221; offset=&#8221;vc_col-lg-6 vc_col-md-6 vc_col-xs-12&#8243;][vc_column_text]<\/p>\n<h2><span style=\"color: #222222;\">SEND US A QUESTION <\/span><\/h2>\n<p>[\/vc_column_text]<div class=\"clearboth\"><\/div><div class=\"gem-divider\" style=\"margin-top: 60px;\"><\/div><div role=\"form\" class=\"wpcf7\" id=\"wpcf7-f9-o2\" lang=\"en-US\" dir=\"ltr\">\n<div class=\"screen-reader-response\"><\/div>\n<form action=\"\/en\/wp-json\/wp\/v2\/pages\/13046#wpcf7-f9-o2\" method=\"post\" class=\"wpcf7-form\" novalidate=\"novalidate\" data-trp-original-action=\"\/en\/wp-json\/wp\/v2\/pages\/13046#wpcf7-f9-o2\">\n<div style=\"display: none;\">\n<input type=\"hidden\" name=\"_wpcf7\" value=\"9\" \/>\n<input type=\"hidden\" name=\"_wpcf7_version\" value=\"5.1.7\" \/>\n<input type=\"hidden\" name=\"_wpcf7_locale\" value=\"en_US\" \/>\n<input type=\"hidden\" name=\"_wpcf7_unit_tag\" value=\"wpcf7-f9-o2\" \/>\n<input type=\"hidden\" name=\"_wpcf7_container_post\" value=\"0\" \/>\n<\/div>\n<p><label> Name (*)<br \/>\n    <span class=\"wpcf7-form-control-wrap your-name\"><input type=\"text\" name=\"your-name\" value=\"\" size=\"40\" class=\"wpcf7-form-control wpcf7-text wpcf7-validates-as-required\" aria-required=\"true\" aria-invalid=\"false\" \/><\/span> <\/label><\/p>\n<p><label> Email (*)<br \/>\n    <span class=\"wpcf7-form-control-wrap your-email\"><input type=\"email\" name=\"your-email\" value=\"\" size=\"40\" class=\"wpcf7-form-control wpcf7-text wpcf7-email wpcf7-validates-as-required wpcf7-validates-as-email\" aria-required=\"true\" aria-invalid=\"false\" \/><\/span> <\/label><\/p>\n<p><label> Message<br \/>\n    <span class=\"wpcf7-form-control-wrap your-message\"><textarea name=\"your-message\" cols=\"40\" rows=\"10\" class=\"wpcf7-form-control wpcf7-textarea\" aria-invalid=\"false\"><\/textarea><\/span> <\/label><\/p>\n<p><input type=\"submit\" value=\"Send\" class=\"wpcf7-form-control wpcf7-submit\" \/><\/p>\n<div class=\"wpcf7-response-output wpcf7-display-none\"><\/div><input type=\"hidden\" name=\"trp-form-language\" value=\"en\"\/><\/form><\/div>[\/vc_column][\/vc_row]<\/p>","protected":false},"excerpt":{"rendered":"<p>[vc_row full_width=&#8221;stretch_row_content_no_spaces&#8221; equal_height=&#8221;yes&#8221; css=&#8221;.vc_custom_1556631921151{margin-top: 0px !important;margin-bottom: 150px !important;padding-top: 100px !important;padding-bottom: 150px !important;background-image: url(http:\/\/www.krika.hr\/wp-content\/uploads\/2019\/04\/facade-1048085_1920.jpg?id=30442) !important;background-position: center !important;background-repeat: no-repeat !important;background-size: cover !important;}&#8221;][vc_column&#8230;<\/p>","protected":false},"author":1,"featured_media":0,"parent":0,"menu_order":0,"comment_status":"closed","ping_status":"closed","template":"","meta":[],"_links":{"self":[{"href":"https:\/\/www.krika.hr\/en\/wp-json\/wp\/v2\/pages\/13046"}],"collection":[{"href":"https:\/\/www.krika.hr\/en\/wp-json\/wp\/v2\/pages"}],"about":[{"href":"https:\/\/www.krika.hr\/en\/wp-json\/wp\/v2\/types\/page"}],"author":[{"embeddable":true,"href":"https:\/\/www.krika.hr\/en\/wp-json\/wp\/v2\/users\/1"}],"replies":[{"embeddable":true,"href":"https:\/\/www.krika.hr\/en\/wp-json\/wp\/v2\/comments?post=13046"}],"version-history":[{"count":43,"href":"https:\/\/www.krika.hr\/en\/wp-json\/wp\/v2\/pages\/13046\/revisions"}],"predecessor-version":[{"id":32229,"href":"https:\/\/www.krika.hr\/en\/wp-json\/wp\/v2\/pages\/13046\/revisions\/32229"}],"wp:attachment":[{"href":"https:\/\/www.krika.hr\/en\/wp-json\/wp\/v2\/media?parent=13046"}],"curies":[{"name":"wp","href":"https:\/\/api.w.org\/{rel}","templated":true}]}}